{"id":51,"date":"2012-06-28T10:45:21","date_gmt":"2012-06-28T10:45:21","guid":{"rendered":"http:\/\/komiza-ana.com\/?page_id=51"},"modified":"2025-03-24T21:26:56","modified_gmt":"2025-03-24T21:26:56","slug":"dobrodo%c5%a1li","status":"publish","type":"page","link":"https:\/\/komiza-ana.com\/hr\/","title":{"rendered":"Dobrodo\u0161li!"},"content":{"rendered":"Posjetite nas u rano prolje\u0107e ako \u017eelite odmor provesti u miru i ti\u0161ini okru\u017eeni zelenilom na\u0161eg vo\u0107njaka iz kojeg se \u0161iri miris limuna i naran\u010di, sami uberite plodove i pripremite osvje\u017eavaju\u0107i napitak.\n\nVa\u0161 odmor u\u010dinit \u0107ete nezaboravnim i ako nas posjetite u jesen, kada osim kupanja vrijeme mo\u017eete provesti u berbi gro\u017e\u0111a i maslina. Vrijeme \u0107ete upotpuniti u ribarenju s lokalnim ribarima koje \u0107e rado s Vama podijeliti ulov.","protected":false},"excerpt":{"rendered":"<p>Posjetite nas u rano prolje\u0107e ako \u017eelite odmor provesti u miru i ti\u0161ini okru\u017eeni zelenilom na\u0161eg vo\u0107njaka iz kojeg se \u0161iri miris limuna i naran\u010di, sami uberite plodove i pripremite osvje\u017eavaju\u0107i napitak. Va\u0161 odmor u\u010dinit \u0107ete nezaboravnim i ako nas posjetite u jesen, kada osim kupanja vrijeme mo\u017eete provesti u berbi gro\u017e\u0111a i maslina. Vrijeme&#8230; <\/p>\n","protected":false},"author":1,"featured_media":0,"parent":0,"menu_order":0,"comment_status":"open","ping_status":"open","template":"","meta":{"footnotes":""},"class_list":["post-51","page","type-page","status-publish","hentry"],"_links":{"self":[{"href":"https:\/\/komiza-ana.com\/hr\/wp-json\/wp\/v2\/pages\/51","targetHints":{"allow":["GET"]}}],"collection":[{"href":"https:\/\/komiza-ana.com\/hr\/wp-json\/wp\/v2\/pages"}],"about":[{"href":"https:\/\/komiza-ana.com\/hr\/wp-json\/wp\/v2\/types\/page"}],"author":[{"embeddable":true,"href":"https:\/\/komiza-ana.com\/hr\/wp-json\/wp\/v2\/users\/1"}],"replies":[{"embeddable":true,"href":"https:\/\/komiza-ana.com\/hr\/wp-json\/wp\/v2\/comments?post=51"}],"version-history":[{"count":0,"href":"https:\/\/komiza-ana.com\/hr\/wp-json\/wp\/v2\/pages\/51\/revisions"}],"wp:attachment":[{"href":"https:\/\/komiza-ana.com\/hr\/wp-json\/wp\/v2\/media?parent=51"}],"curies":[{"name":"wp","href":"https:\/\/api.w.org\/{rel}","templated":true}]}}