{"id":41,"date":"2012-06-28T10:07:44","date_gmt":"2012-06-28T10:07:44","guid":{"rendered":"http:\/\/komiza-ana.com\/?page_id=41"},"modified":"2023-12-16T10:23:37","modified_gmt":"2023-12-16T10:23:37","slug":"apartman-maestral","status":"publish","type":"page","link":"https:\/\/komiza-ana.com\/hr\/smjestaj\/kuca-ana\/apartman-maestral\/","title":{"rendered":"Apartman Maestral"},"content":{"rendered":"Apartman je smje\u0161ten na 2. katu ku\u0107e sa velikom terasom na kojoj \u0107ete u\u017eivati u prekrasnom pogledu na Komi\u017eu i more ispijaju\u0107i prvoklasni doma\u0107i Plavac.\n\nSastoji se od velike spava\u0107e sobe sa bra\u010dnim krevetom veli\u010dine 160x190 cm, kupaonicom i manjim WC-om, potpuno opremljenom kuhinjom, blagavaonicom i dnevnim boravkom u kojem je smje\u0161ten le\u017eaj za dvoje djece te je stoga prikladan za \u010detvero\u010dlanu obitelj.\n\nUkupne je povr\u0161ine 80m<sup>2<\/sup> i terase 20m<sup>2<\/sup>.\n\nApartman je opremljen centralnim grijanjem, klima ure\u0111ajem za hla\u0111enje, TV-om i su\u0161ilom za kosu. Za na\u0161e najmla\u0111e goste dostupan je i putni kreveti\u0107 te hranilica za bebe.\n\nKu\u0107ni ljubimci na upit.\n\nZa sve na\u0161e goste na raspolaganju je zajedni\u010dki ro\u0161tilj a osigurano je i besplatno parkirno mjesto u okviru objekta. Na zahtjev nudimo uslugu pranja i peglanja kao i uslugu transfera.","protected":false},"excerpt":{"rendered":"<p>Apartman je smje\u0161ten na 2. katu ku\u0107e sa velikom terasom na kojoj \u0107ete u\u017eivati u prekrasnom pogledu na Komi\u017eu i more ispijaju\u0107i prvoklasni doma\u0107i Plavac. Sastoji se od velike spava\u0107e sobe sa bra\u010dnim krevetom veli\u010dine 160&#215;190 cm, kupaonicom i manjim WC-om, potpuno opremljenom kuhinjom, blagavaonicom i dnevnim boravkom u kojem je smje\u0161ten le\u017eaj za dvoje&#8230; <\/p>\n","protected":false},"author":1,"featured_media":1202,"parent":3013,"menu_order":0,"comment_status":"open","ping_status":"closed","template":"","meta":{"footnotes":""},"class_list":["post-41","page","type-page","status-publish","has-post-thumbnail","hentry"],"_links":{"self":[{"href":"https:\/\/komiza-ana.com\/hr\/wp-json\/wp\/v2\/pages\/41","targetHints":{"allow":["GET"]}}],"collection":[{"href":"https:\/\/komiza-ana.com\/hr\/wp-json\/wp\/v2\/pages"}],"about":[{"href":"https:\/\/komiza-ana.com\/hr\/wp-json\/wp\/v2\/types\/page"}],"author":[{"embeddable":true,"href":"https:\/\/komiza-ana.com\/hr\/wp-json\/wp\/v2\/users\/1"}],"replies":[{"embeddable":true,"href":"https:\/\/komiza-ana.com\/hr\/wp-json\/wp\/v2\/comments?post=41"}],"version-history":[{"count":0,"href":"https:\/\/komiza-ana.com\/hr\/wp-json\/wp\/v2\/pages\/41\/revisions"}],"up":[{"embeddable":true,"href":"https:\/\/komiza-ana.com\/hr\/wp-json\/wp\/v2\/pages\/3013"}],"wp:featuredmedia":[{"embeddable":true,"href":"https:\/\/komiza-ana.com\/hr\/wp-json\/wp\/v2\/media\/1202"}],"wp:attachment":[{"href":"https:\/\/komiza-ana.com\/hr\/wp-json\/wp\/v2\/media?parent=41"}],"curies":[{"name":"wp","href":"https:\/\/api.w.org\/{rel}","templated":true}]}}