{"id":39,"date":"2012-06-28T10:06:51","date_gmt":"2012-06-28T10:06:51","guid":{"rendered":"http:\/\/komiza-ana.com\/?page_id=39"},"modified":"2024-01-07T16:50:19","modified_gmt":"2024-01-07T16:50:19","slug":"apartman-levanat","status":"publish","type":"page","link":"https:\/\/komiza-ana.com\/hr\/smjestaj\/kuca-ana\/apartman-levanat\/","title":{"rendered":"Apartman Levanat"},"content":{"rendered":"Apartman je smje\u0161ten na 2. katu ku\u0107e s terasom sa koje se pru\u017ea nezaboravan pogled na cijelu uvalu i otok Bi\u0161evo.\n\nSastoji se od spava\u0107e sobe sa bra\u010dnim krevetom veli\u010dine 160x190 cm, kupaonice sa tu\u0161-kadom, potpuno opremljene kuhinje s Nescaf\u00e9 Dolce Gusto aparatom za kavu, kau\u010dem na razvla\u010denje za smje\u0161taj dodatne osobe te terase sa sjede\u0107om garniturom.\n\nApartman je ukupne povr\u0161ine 40m<sup>2<\/sup> i 10m<sup>2<\/sup> terase.\n\nOpremljen je klima ure\u0111ajem za grijanje i hla\u0111enje, besplatnim internetom (Wi-Fi), TV-om i su\u0161ilom za kosu. Za na\u0161e najmla\u0111e goste dostupan je i putni kreveti\u0107 te hranilica.\n\nKu\u0107ni ljubimci na upit.\n\nZa sve na\u0161e goste na raspolaganju je zajedni\u010dki ro\u0161tilj a osigurano je i besplatno parkirno mjesto u krugu objekta. Na zahtjev dostupna usluga pranja i peglanja kao i usluga transfera.","protected":false},"excerpt":{"rendered":"<p>Apartman je smje\u0161ten na 2. katu ku\u0107e s terasom sa koje se pru\u017ea nezaboravan pogled na cijelu uvalu i otok Bi\u0161evo. Sastoji se od spava\u0107e sobe sa bra\u010dnim krevetom veli\u010dine 160&#215;190 cm, kupaonice sa tu\u0161-kadom, potpuno opremljene kuhinje s Nescaf\u00e9 Dolce Gusto aparatom za kavu, kau\u010dem na razvla\u010denje za smje\u0161taj dodatne osobe te terase sa&#8230; <\/p>\n","protected":false},"author":1,"featured_media":0,"parent":3013,"menu_order":0,"comment_status":"open","ping_status":"closed","template":"","meta":{"footnotes":""},"class_list":["post-39","page","type-page","status-publish","hentry"],"_links":{"self":[{"href":"https:\/\/komiza-ana.com\/hr\/wp-json\/wp\/v2\/pages\/39","targetHints":{"allow":["GET"]}}],"collection":[{"href":"https:\/\/komiza-ana.com\/hr\/wp-json\/wp\/v2\/pages"}],"about":[{"href":"https:\/\/komiza-ana.com\/hr\/wp-json\/wp\/v2\/types\/page"}],"author":[{"embeddable":true,"href":"https:\/\/komiza-ana.com\/hr\/wp-json\/wp\/v2\/users\/1"}],"replies":[{"embeddable":true,"href":"https:\/\/komiza-ana.com\/hr\/wp-json\/wp\/v2\/comments?post=39"}],"version-history":[{"count":0,"href":"https:\/\/komiza-ana.com\/hr\/wp-json\/wp\/v2\/pages\/39\/revisions"}],"up":[{"embeddable":true,"href":"https:\/\/komiza-ana.com\/hr\/wp-json\/wp\/v2\/pages\/3013"}],"wp:attachment":[{"href":"https:\/\/komiza-ana.com\/hr\/wp-json\/wp\/v2\/media?parent=39"}],"curies":[{"name":"wp","href":"https:\/\/api.w.org\/{rel}","templated":true}]}}