{"id":35,"date":"2012-06-28T10:04:37","date_gmt":"2012-06-28T10:04:37","guid":{"rendered":"http:\/\/komiza-ana.com\/?page_id=35"},"modified":"2022-05-03T06:27:44","modified_gmt":"2022-05-03T06:27:44","slug":"grad-komi%c5%bea","status":"publish","type":"page","link":"https:\/\/komiza-ana.com\/hr\/grad-komi%c5%bea\/","title":{"rendered":"Grad Komi\u017ea"},"content":{"rendered":"Komi\u017ea - stari ribarski gradi\u0107 dugogodi\u0161nje turisti\u010dke tradicije smje\u0161ten je u uvali na sjeverozapadnoj strani otoka Visa, uvr\u0161tenog na popis Svjetske zaklade za za\u0161titu prirode (WWF) kao jedan od 10 posljednjih rajskih oaza Mediterana. Malen gradi\u0107 sa ljudima \u0161irokog srca koji \u0107e rado s Vama sjesti na rivi i pri\u010dati Vam pri\u010de o svojoj bogatoj kulturnoj ba\u0161tini.\n\nAko ste umorni od civilizacije i u\u017eurbanog na\u010dina \u017eivota Komi\u017ea \u0107e Vam pru\u017eiti odmor iz snova. Dok \u0161etate kamenim uli\u010dicama stare gradske jezgre omamit \u0107e Vas mirisi pe\u010dene ribe sa gradela i aromati\u010dnog bilja.\n\nDok boravite u Komi\u017ei ne smijete propustiti:\n<ul>\n \t<li>Izlet na otok Bi\u0161evo i posjet Modroj \u0161pilji<\/li>\n \t<li>Izlete do mnogobrojnih pla\u017ea i uvala otoka Visa do kojih mo\u017eete do\u0107i brodom i autom<\/li>\n \t<li>Blagdan sv. Nikole, za\u0161titnika grada Komi\u017ee koji se slavi 06. prosinca i sudjelujte u sve\u010danosti paljenja starog broda ispred ''Mustera''- samostana iz 13. stolje\u0107a<\/li>\n \t<li>Ribarsku no\u0107- fe\u0161tu ribara na rivi uz obilje vina, pe\u010dene ribe i ribljih specijaliteta (1. subota u kolovozu)<\/li>\n \t<li>Seoska doma\u0107instva koja nude autohtone doma\u0107e proizvode<\/li>\n \t<li>komi\u0161ke specijalitete i svje\u017eu ribu u nekom od brojnih restorana i konoba<\/li>\n<\/ul>","protected":false},"excerpt":{"rendered":"<p>Komi\u017ea &#8211; stari ribarski gradi\u0107 dugogodi\u0161nje turisti\u010dke tradicije smje\u0161ten je u uvali na sjeverozapadnoj strani otoka Visa, uvr\u0161tenog na popis Svjetske zaklade za za\u0161titu prirode (WWF) kao jedan od 10 posljednjih rajskih oaza Mediterana. Malen gradi\u0107 sa ljudima \u0161irokog srca koji \u0107e rado s Vama sjesti na rivi i pri\u010dati Vam pri\u010de o svojoj bogatoj kulturnoj ba\u0161tini.<\/p>\n<p>Ako ste umorni od civilizacije i u\u017eurbanog na\u010dina \u017eivota Komi\u017ea \u0107e Vam pru\u017eiti odmor iz snova. Dok \u0161etate kamenim uli\u010dicama stare gradske jezgre omamit \u0107e Vas mirisi pe\u010dene ribe sa gradela i aromati\u010dnog bilja.<\/p>\n","protected":false},"author":1,"featured_media":2990,"parent":0,"menu_order":0,"comment_status":"open","ping_status":"open","template":"","meta":{"footnotes":""},"class_list":["post-35","page","type-page","status-publish","has-post-thumbnail","hentry"],"_links":{"self":[{"href":"https:\/\/komiza-ana.com\/hr\/wp-json\/wp\/v2\/pages\/35","targetHints":{"allow":["GET"]}}],"collection":[{"href":"https:\/\/komiza-ana.com\/hr\/wp-json\/wp\/v2\/pages"}],"about":[{"href":"https:\/\/komiza-ana.com\/hr\/wp-json\/wp\/v2\/types\/page"}],"author":[{"embeddable":true,"href":"https:\/\/komiza-ana.com\/hr\/wp-json\/wp\/v2\/users\/1"}],"replies":[{"embeddable":true,"href":"https:\/\/komiza-ana.com\/hr\/wp-json\/wp\/v2\/comments?post=35"}],"version-history":[{"count":0,"href":"https:\/\/komiza-ana.com\/hr\/wp-json\/wp\/v2\/pages\/35\/revisions"}],"wp:featuredmedia":[{"embeddable":true,"href":"https:\/\/komiza-ana.com\/hr\/wp-json\/wp\/v2\/media\/2990"}],"wp:attachment":[{"href":"https:\/\/komiza-ana.com\/hr\/wp-json\/wp\/v2\/media?parent=35"}],"curies":[{"name":"wp","href":"https:\/\/api.w.org\/{rel}","templated":true}]}}