{"id":53,"date":"2012-06-28T10:47:13","date_gmt":"2012-06-28T10:47:13","guid":{"rendered":"http:\/\/komiza-ana.com\/?page_id=53"},"modified":"2022-03-01T21:42:31","modified_gmt":"2022-03-01T21:42:31","slug":"willkommen","status":"publish","type":"page","link":"https:\/\/komiza-ana.com\/de\/","title":{"rendered":"Willkommen!"},"content":{"rendered":"Besuchen Sie uns Im Fr\u00fchjahr, wenn sie Ihren Urlaub mitten im Gr\u00fcn unseres Obstgartens verbringen m\u00f6chten, aus dem sich der Duft von Zitronen und Orangen ausbreitet. Pfl\u00fccken Sie Ihre eigenen&nbsp;Fr\u00fcchte und bereiten Sie sich ein erfrischendes Getr\u00e4nk vor.\n\nMachen Sie Ihren Urlaub unvergesslich, indem Sie uns auch in Herbst besuchen. In dieser Zeit kann man neben Schwimmen auch die Trauben und Oliven ernten. Sie k\u00f6nnen Ihre Zeit auch so&nbsp;verbringen, indem Sie fischen. Die Fischer werden gerne mit Ihnen ihren Fang teilen.","protected":false},"excerpt":{"rendered":"<p>Besuchen Sie uns Im Fr\u00fchjahr, wenn sie Ihren Urlaub mitten im Gr\u00fcn unseres Obstgartens verbringen m\u00f6chten, aus dem sich der Duft von Zitronen und Orangen ausbreitet. Pfl\u00fccken Sie Ihre eigenen&nbsp;Fr\u00fcchte und bereiten Sie sich ein erfrischendes Getr\u00e4nk vor. Machen Sie Ihren Urlaub unvergesslich, indem Sie uns auch in Herbst besuchen. In dieser Zeit kann man&#8230; <\/p>\n","protected":false},"author":1,"featured_media":0,"parent":0,"menu_order":0,"comment_status":"open","ping_status":"open","template":"","meta":{"footnotes":""},"class_list":["post-53","page","type-page","status-publish","hentry"],"_links":{"self":[{"href":"https:\/\/komiza-ana.com\/de\/wp-json\/wp\/v2\/pages\/53","targetHints":{"allow":["GET"]}}],"collection":[{"href":"https:\/\/komiza-ana.com\/de\/wp-json\/wp\/v2\/pages"}],"about":[{"href":"https:\/\/komiza-ana.com\/de\/wp-json\/wp\/v2\/types\/page"}],"author":[{"embeddable":true,"href":"https:\/\/komiza-ana.com\/de\/wp-json\/wp\/v2\/users\/1"}],"replies":[{"embeddable":true,"href":"https:\/\/komiza-ana.com\/de\/wp-json\/wp\/v2\/comments?post=53"}],"version-history":[{"count":0,"href":"https:\/\/komiza-ana.com\/de\/wp-json\/wp\/v2\/pages\/53\/revisions"}],"wp:attachment":[{"href":"https:\/\/komiza-ana.com\/de\/wp-json\/wp\/v2\/media?parent=53"}],"curies":[{"name":"wp","href":"https:\/\/api.w.org\/{rel}","templated":true}]}}