{"id":184,"date":"2012-07-12T13:30:06","date_gmt":"2012-07-12T13:30:06","guid":{"rendered":"http:\/\/komiza-ana.com\/?page_id=184"},"modified":"2023-02-09T09:37:45","modified_gmt":"2023-02-09T09:37:45","slug":"ferienwohnung-mistral","status":"publish","type":"page","link":"https:\/\/komiza-ana.com\/de\/unterkunft\/haus-vera\/ferienwohnung-mistral\/","title":{"rendered":"Ferienwohnung Mistral"},"content":{"rendered":"Die Wohnung befindet sich auf dem 2. Stock des Hauses und hat eine gro\u00dfe Terrasse, wo man einen herrlichen Anblick auf Komi\u017ea und auf das Meer genie\u00dfen kann, w\u00e4hrend man ein Glas des erstklassigen inl\u00e4ndischen Weines \"Plavac\" austrinkt.\n\nDie Ferienwohnung verf\u00fcgt \u00fcber ein gro\u00dfes Schlafzimmer mit Doppelbett, Bad und kleineres WC sowie voll ausgestattete K\u00fcche und Ess- und Wohnzimmer, wo sich ein Bett f\u00fcr zwei Personen befindet.\n\nDie Wohnung ist mit Zentralheizung, Klimaanlage und TV ausgestattet.\n\nDie Gesamtfl\u00e4che betr\u00e4gt 80m2 und die Terrasse ist 20m2 gro\u00df.","protected":false},"excerpt":{"rendered":"<p>Die Wohnung befindet sich auf dem 2. Stock des Hauses und hat eine gro\u00dfe Terrasse, wo man einen herrlichen Anblick auf Komi\u017ea und auf das Meer genie\u00dfen kann, w\u00e4hrend man ein Glas des erstklassigen inl\u00e4ndischen Weines &#8222;Plavac&#8220; austrinkt. Die Ferienwohnung verf\u00fcgt \u00fcber ein gro\u00dfes Schlafzimmer mit Doppelbett, Bad und kleineres WC sowie voll ausgestattete K\u00fcche&#8230; <\/p>\n","protected":false},"author":1,"featured_media":2298,"parent":3014,"menu_order":0,"comment_status":"open","ping_status":"closed","template":"","meta":{"footnotes":""},"class_list":["post-184","page","type-page","status-publish","has-post-thumbnail","hentry"],"_links":{"self":[{"href":"https:\/\/komiza-ana.com\/de\/wp-json\/wp\/v2\/pages\/184","targetHints":{"allow":["GET"]}}],"collection":[{"href":"https:\/\/komiza-ana.com\/de\/wp-json\/wp\/v2\/pages"}],"about":[{"href":"https:\/\/komiza-ana.com\/de\/wp-json\/wp\/v2\/types\/page"}],"author":[{"embeddable":true,"href":"https:\/\/komiza-ana.com\/de\/wp-json\/wp\/v2\/users\/1"}],"replies":[{"embeddable":true,"href":"https:\/\/komiza-ana.com\/de\/wp-json\/wp\/v2\/comments?post=184"}],"version-history":[{"count":0,"href":"https:\/\/komiza-ana.com\/de\/wp-json\/wp\/v2\/pages\/184\/revisions"}],"up":[{"embeddable":true,"href":"https:\/\/komiza-ana.com\/de\/wp-json\/wp\/v2\/pages\/3014"}],"wp:featuredmedia":[{"embeddable":true,"href":"https:\/\/komiza-ana.com\/de\/wp-json\/wp\/v2\/media\/2298"}],"wp:attachment":[{"href":"https:\/\/komiza-ana.com\/de\/wp-json\/wp\/v2\/media?parent=184"}],"curies":[{"name":"wp","href":"https:\/\/api.w.org\/{rel}","templated":true}]}}