{"id":183,"date":"2012-07-12T13:30:03","date_gmt":"2012-07-12T13:30:03","guid":{"rendered":"http:\/\/komiza-ana.com\/?page_id=183"},"modified":"2023-02-09T09:37:16","modified_gmt":"2023-02-09T09:37:16","slug":"ferienwohnung-libecchio","status":"publish","type":"page","link":"https:\/\/komiza-ana.com\/de\/unterkunft\/haus-vera\/ferienwohnung-libecchio\/","title":{"rendered":"Ferienwohnung Libecchio"},"content":{"rendered":"Ferienwohnung Garbin smje\u0161ten befindet sich auf dem 1. Stock unseres Hauses und&nbsp;hat eine Terrasse, wo man seinen morgendlichen Kaffee genie\u00dfen kann und im Gr\u00fcnen versteckten zwitschernden V\u00f6geln und Grillen h\u00f6ren kann.\n\nDie Ferienwohnung verf\u00fcgt \u00fcber ein Schlafzimmer mit Doppelbett, Bad mit Dusche und voll ausgestattete K\u00fcche mit Wohnzimmer, wo sich ein Bett f\u00fcr noch eine Person befindet.\n\nDie Gesamtfl\u00e4che betr\u00e4gt 40m2 und die Terrasse ist 10m2 gro\u00df.\n\nDie Wohnung ist mit Klimaanlage und kostenlosem Internet (Wi-Fi) ausgestattet.\n\nHaustiere sowie das Rauchen in Wohnung sind erlaubt.\n\nAlle G\u00e4ste unserer Ferienwohnungen haben einen gemeinsamen Grill sowie W\u00e4scherei, B\u00fcgeleisen und F\u00f6n zur Verf\u00fcgung. Kostenloser Parkplatz ist garantiert.\n\nIhre Gastgeber befinden sich im Erdgeschoss und stehen Ihnen gerne zur Verf\u00fcgung.","protected":false},"excerpt":{"rendered":"<p>Ferienwohnung Garbin smje\u0161ten befindet sich auf dem 1. Stock unseres Hauses und&nbsp;hat eine Terrasse, wo man seinen morgendlichen Kaffee genie\u00dfen kann und im Gr\u00fcnen versteckten zwitschernden V\u00f6geln und Grillen h\u00f6ren kann. Die Ferienwohnung verf\u00fcgt \u00fcber ein Schlafzimmer mit Doppelbett, Bad mit Dusche und voll ausgestattete K\u00fcche mit Wohnzimmer, wo sich ein Bett f\u00fcr noch eine&#8230; <\/p>\n","protected":false},"author":1,"featured_media":0,"parent":3014,"menu_order":0,"comment_status":"open","ping_status":"closed","template":"","meta":{"footnotes":""},"class_list":["post-183","page","type-page","status-publish","hentry"],"_links":{"self":[{"href":"https:\/\/komiza-ana.com\/de\/wp-json\/wp\/v2\/pages\/183","targetHints":{"allow":["GET"]}}],"collection":[{"href":"https:\/\/komiza-ana.com\/de\/wp-json\/wp\/v2\/pages"}],"about":[{"href":"https:\/\/komiza-ana.com\/de\/wp-json\/wp\/v2\/types\/page"}],"author":[{"embeddable":true,"href":"https:\/\/komiza-ana.com\/de\/wp-json\/wp\/v2\/users\/1"}],"replies":[{"embeddable":true,"href":"https:\/\/komiza-ana.com\/de\/wp-json\/wp\/v2\/comments?post=183"}],"version-history":[{"count":0,"href":"https:\/\/komiza-ana.com\/de\/wp-json\/wp\/v2\/pages\/183\/revisions"}],"up":[{"embeddable":true,"href":"https:\/\/komiza-ana.com\/de\/wp-json\/wp\/v2\/pages\/3014"}],"wp:attachment":[{"href":"https:\/\/komiza-ana.com\/de\/wp-json\/wp\/v2\/media?parent=183"}],"curies":[{"name":"wp","href":"https:\/\/api.w.org\/{rel}","templated":true}]}}