{"id":182,"date":"2012-07-12T13:30:00","date_gmt":"2012-07-12T13:30:00","guid":{"rendered":"http:\/\/komiza-ana.com\/?page_id=182"},"modified":"2023-02-09T09:38:12","modified_gmt":"2023-02-09T09:38:12","slug":"ferienwohnung-osten","status":"publish","type":"page","link":"https:\/\/komiza-ana.com\/de\/unterkunft\/haus-vera\/ferienwohnung-osten\/","title":{"rendered":"Ferienwohnung Osten"},"content":{"rendered":"Die Wohnung befindet sich auf dem 2. Stock des Hauses und&nbsp;hat eine Terrasse, die einen unveergesslichen Anblick \u00fcber die ganze Bucht von Komi\u017ea und Insel Bi\u0161evo bietet.\n\nDie Wohnung besteht aus einem Schlafzimmer mit Ehebett, aus einem Badezimmer mit Dusche, aus einer v\u00f6llig ausgestatteten K\u00fcche mit Wohnzimmer, wo sich das Bett f\u00fcr noch eine Person befindet. Die Ferienwohnung hat auch eine Terrasse.\n\nDie Gesamtfl\u00e4che betr\u00e4gt 40m2 und die Terrasse ist 10m2 gro\u00df.\n\nDie Wohnung ist mit Klimaanlage und kostenlosem Internet (Wi-Fi) ausgestattet.\n\nHaustiere sowie das Rauchen in Wohnung sind erlaubt.\n\nAlle G\u00e4ste unserer Ferienwohnungen haben einen gemeinsamen Grill sowie W\u00e4scherei, B\u00fcgeleisen und F\u00f6n zur Verf\u00fcgung. Kostenloser Parkplatz ist garantiert.","protected":false},"excerpt":{"rendered":"<p>Die Wohnung befindet sich auf dem 2. Stock des Hauses und&nbsp;hat eine Terrasse, die einen unveergesslichen Anblick \u00fcber die ganze Bucht von Komi\u017ea und Insel Bi\u0161evo bietet. Die Wohnung besteht aus einem Schlafzimmer mit Ehebett, aus einem Badezimmer mit Dusche, aus einer v\u00f6llig ausgestatteten K\u00fcche mit Wohnzimmer, wo sich das Bett f\u00fcr noch eine Person&#8230; <\/p>\n","protected":false},"author":1,"featured_media":0,"parent":3014,"menu_order":0,"comment_status":"open","ping_status":"closed","template":"","meta":{"footnotes":""},"class_list":["post-182","page","type-page","status-publish","hentry"],"_links":{"self":[{"href":"https:\/\/komiza-ana.com\/de\/wp-json\/wp\/v2\/pages\/182","targetHints":{"allow":["GET"]}}],"collection":[{"href":"https:\/\/komiza-ana.com\/de\/wp-json\/wp\/v2\/pages"}],"about":[{"href":"https:\/\/komiza-ana.com\/de\/wp-json\/wp\/v2\/types\/page"}],"author":[{"embeddable":true,"href":"https:\/\/komiza-ana.com\/de\/wp-json\/wp\/v2\/users\/1"}],"replies":[{"embeddable":true,"href":"https:\/\/komiza-ana.com\/de\/wp-json\/wp\/v2\/comments?post=182"}],"version-history":[{"count":0,"href":"https:\/\/komiza-ana.com\/de\/wp-json\/wp\/v2\/pages\/182\/revisions"}],"up":[{"embeddable":true,"href":"https:\/\/komiza-ana.com\/de\/wp-json\/wp\/v2\/pages\/3014"}],"wp:attachment":[{"href":"https:\/\/komiza-ana.com\/de\/wp-json\/wp\/v2\/media?parent=182"}],"curies":[{"name":"wp","href":"https:\/\/api.w.org\/{rel}","templated":true}]}}