{"id":147,"date":"2012-07-12T13:24:32","date_gmt":"2012-07-12T13:24:32","guid":{"rendered":"http:\/\/komiza-ana.com\/?page_id=147"},"modified":"2022-05-03T06:45:16","modified_gmt":"2022-05-03T06:45:16","slug":"stadt-komiza","status":"publish","type":"page","link":"https:\/\/komiza-ana.com\/de\/stadt-komiza\/","title":{"rendered":"Stadt Komiza"},"content":{"rendered":"Komi\u017ea ist ein alter Fischerort mit einer l\u00e4ngen touristischen Tradition und befindet sich in einer Bucht auf der Nordseite der Insel Vis, die sich auf der Liste der Naturschutzorganisation WWF (World Wide Fund for Nature) als eine der 10 letzten paradiesischen Oasen am Mittelmeer befindet. Komi\u017ea ist ein kleines St\u00e4dtchen voll Leute mit einem gro\u00dfen Herz, die mit Ihnen sehr gerne auf der Promenade sitzen und \u00fcber die Geschichte und kulturelle Erbe sprechen.\n\nWenn Sie von der Zivilisation und hektischem Lebensstil erm\u00fcdet sind, bietet Komi\u017ea einen Traumurlaub. Beim Spaziergang durch die steinernen Stra\u00dfen der Altstadt werden Sie durch Ger\u00fcche und D\u00fcfte von gegrilltem Fisch und aromatischen Kr\u00e4utern bet\u00e4ubt.\n\nWenn Sie in Komi\u017ea sind, verpassen Sie nicht:\n<ul>\n \t<li>Ausflug nach Insel Bi\u0161evo und Besuch der Blauen Grotte (Modra spilja)<\/li>\n \t<li>Ausfl\u00fcge bis zahlreichen Str\u00e4nden und Buchten der Insel Vis, die man mit Auto oder Boot erreichen kann<\/li>\n \t<li>Fest des hl. Nikolaus, des Schutzpatrons von Komi\u017ea, der am 06. Dezember gefeiert wird. Nehmen Sie auch bei der Zeremonie der Verbrennung des alten Schiffes vor dem Kloster \"Muster\" (aus dem 13.Jh.) teil<\/li>\n \t<li>Fischernacht - ein Fest der Fischer auf der Promenade (Riva) mit viel Wein, gebratenem Fisch und Fischgerichten (1. Samstag im August)<\/li>\n \t<li>L\u00e4ndliche Haushalte, die die authentischen lokalen Produkte anbieten<\/li>\n \t<li>Spezialit\u00e4ten aus Komi\u017ea und frischen Fisch aus einem der zahlreichen Restaurants oder aus zahlreichen Tavernen<\/li>\n<\/ul>","protected":false},"excerpt":{"rendered":"<p>Komi\u017ea ist ein alter Fischerort mit einer l\u00e4ngen touristischen Tradition und befindet sich in einer Bucht auf der Nordseite der Insel Vis, die sich auf der Liste der Naturschutzorganisation WWF (World Wide Fund for Nature) als eine der 10 letzten paradiesischen Oasen am Mittelmeer befindet. Komi\u017ea ist ein kleines St\u00e4dtchen voll Leute mit einem gro\u00dfen Herz, die mit Ihnen sehr gerne auf der Promenade sitzen und \u00fcber die Geschichte und kulturelle Erbe sprechen.<\/p>\n<p>Wenn Sie von der Zivilisation und hektischem Lebensstil erm\u00fcdet sind, bietet Komi\u017ea einen Traumurlaub. Beim Spaziergang durch die steinernen Stra\u00dfen der Altstadt werden Sie durch Ger\u00fcche und D\u00fcfte von gegrilltem Fisch und aromatischen Kr\u00e4utern bet\u00e4ubt.<\/p>\n","protected":false},"author":1,"featured_media":2991,"parent":0,"menu_order":0,"comment_status":"open","ping_status":"open","template":"","meta":{"footnotes":""},"class_list":["post-147","page","type-page","status-publish","has-post-thumbnail","hentry"],"_links":{"self":[{"href":"https:\/\/komiza-ana.com\/de\/wp-json\/wp\/v2\/pages\/147","targetHints":{"allow":["GET"]}}],"collection":[{"href":"https:\/\/komiza-ana.com\/de\/wp-json\/wp\/v2\/pages"}],"about":[{"href":"https:\/\/komiza-ana.com\/de\/wp-json\/wp\/v2\/types\/page"}],"author":[{"embeddable":true,"href":"https:\/\/komiza-ana.com\/de\/wp-json\/wp\/v2\/users\/1"}],"replies":[{"embeddable":true,"href":"https:\/\/komiza-ana.com\/de\/wp-json\/wp\/v2\/comments?post=147"}],"version-history":[{"count":0,"href":"https:\/\/komiza-ana.com\/de\/wp-json\/wp\/v2\/pages\/147\/revisions"}],"wp:featuredmedia":[{"embeddable":true,"href":"https:\/\/komiza-ana.com\/de\/wp-json\/wp\/v2\/media\/2991"}],"wp:attachment":[{"href":"https:\/\/komiza-ana.com\/de\/wp-json\/wp\/v2\/media?parent=147"}],"curies":[{"name":"wp","href":"https:\/\/api.w.org\/{rel}","templated":true}]}}